{"id":13,"date":"2023-08-02T13:41:41","date_gmt":"2023-08-02T13:41:41","guid":{"rendered":"http:\/\/kenzabusiness.com\/?page_id=13"},"modified":"2023-08-04T22:05:03","modified_gmt":"2023-08-04T22:05:03","slug":"concept","status":"publish","type":"page","link":"https:\/\/kenzabusiness.com\/index.php\/concept\/","title":{"rendered":"Concept"},"content":{"rendered":"\n<div class=\"wp-block-group\"><div class=\"wp-block-group__inner-container is-layout-constrained wp-block-group-is-layout-constrained\">\n<h3 class=\"wp-block-heading\">Une plateforme unique<br><strong>Services informatiques,&nbsp;<\/strong>et interventions 100% online.<\/h3>\n\n\n\n<p><\/p>\n\n\n\n<p>Kenza Business, une fa\u00e7on innovante, conviviale, rapide et s\u00e9curis\u00e9e pour faire r\u00e9parer votre ordinateur par un expert IT, sans avoir \u00e0 sortir de chez vous !<\/p>\n<\/div><\/div>\n\n\n\n<div class=\"wp-block-group\"><div class=\"wp-block-group__inner-container is-layout-constrained wp-block-group-is-layout-constrained\">\n<h3 class=\"wp-block-heading\">Un service en ligne<br><strong>Des experts informatiques<\/strong><\/h3>\n\n\n\n<p>R\u00e9paration ordinateur, panne, mise \u00e0 jour ou pr\u00e9vention malware \u2026 Avec Kenza Business, commandez l\u2019intervention \u00e0 distance d\u2019un expert IT.<\/p>\n<\/div><\/div>\n","protected":false},"excerpt":{"rendered":"<p>Une plateforme uniqueServices informatiques,&nbsp;et interventions 100% online. Kenza Business, une fa\u00e7on innovante, conviviale, rapide et s\u00e9curis\u00e9e pour faire r\u00e9parer votre ordinateur par un expert IT, sans avoir \u00e0 sortir de chez vous ! Un service en ligneDes experts informatiques R\u00e9paration ordinateur, panne, mise \u00e0 jour ou pr\u00e9vention malware \u2026 Avec Kenza Business, commandez l\u2019intervention \u00e0 distance d\u2019un expert IT.<\/p>\n","protected":false},"author":1,"featured_media":0,"parent":0,"menu_order":0,"comment_status":"closed","ping_status":"closed","template":"","meta":{"footnotes":""},"class_list":["post-13","page","type-page","status-publish","hentry"],"_links":{"self":[{"href":"https:\/\/kenzabusiness.com\/index.php\/wp-json\/wp\/v2\/pages\/13","targetHints":{"allow":["GET"]}}],"collection":[{"href":"https:\/\/kenzabusiness.com\/index.php\/wp-json\/wp\/v2\/pages"}],"about":[{"href":"https:\/\/kenzabusiness.com\/index.php\/wp-json\/wp\/v2\/types\/page"}],"author":[{"embeddable":true,"href":"https:\/\/kenzabusiness.com\/index.php\/wp-json\/wp\/v2\/users\/1"}],"replies":[{"embeddable":true,"href":"https:\/\/kenzabusiness.com\/index.php\/wp-json\/wp\/v2\/comments?post=13"}],"version-history":[{"count":4,"href":"https:\/\/kenzabusiness.com\/index.php\/wp-json\/wp\/v2\/pages\/13\/revisions"}],"predecessor-version":[{"id":164,"href":"https:\/\/kenzabusiness.com\/index.php\/wp-json\/wp\/v2\/pages\/13\/revisions\/164"}],"wp:attachment":[{"href":"https:\/\/kenzabusiness.com\/index.php\/wp-json\/wp\/v2\/media?parent=13"}],"curies":[{"name":"wp","href":"https:\/\/api.w.org\/{rel}","templated":true}]}}