{"id":16,"date":"2023-08-02T13:41:41","date_gmt":"2023-08-02T13:41:41","guid":{"rendered":"http:\/\/kenzabusiness.com\/?page_id=16"},"modified":"2023-08-04T22:21:15","modified_gmt":"2023-08-04T22:21:15","slug":"politique-de-confidentialite","status":"publish","type":"page","link":"https:\/\/kenzabusiness.com\/index.php\/politique-de-confidentialite\/","title":{"rendered":"Politique de confidentialit\u00e9"},"content":{"rendered":"\n<p><strong>Politique de confidentialit\u00e9<br><\/strong>Conform\u00e9ment aux dispositions de la loi n\u00b0 2004-575 du 21 juin 2004 pour la confiance en l\u2019\u00e9conomie num\u00e9rique, il est pr\u00e9cis\u00e9 aux utilisateurs du site www.kenzabusiness.com l\u2019identit\u00e9 des diff\u00e9rents intervenants dans le cadre de sa r\u00e9alisation et de son suivi.<\/p>\n\n\n\n<p><strong>Edition du site<br><\/strong>Le pr\u00e9sent site, accessible \u00e0 l\u2019URL www.kenzabusiness.com (le \u00ab Site \u00bb), est \u00e9dit\u00e9 par :<\/p>\n\n\n\n<p>Kenza Business Services LTD, soci\u00e9t\u00e9 \u00e0 responsabilit\u00e9 limit\u00e9e au capital de 500,00 \u20ac euros, inscrite au companies house sous le num\u00e9ro 14838930 , dont le si\u00e8ge social est situ\u00e9 au 71-75 Shelton Street Covent Garden London WC2H 9JQ .<\/p>\n\n\n\n<p><strong>H\u00e9bergement<br><\/strong>Le Site est h\u00e9berg\u00e9 par la soci\u00e9t\u00e9 Kenza Business Services LTD<\/p>\n\n\n\n<p>71-75 Shelton Street Covent Garden London WC2H 9JQ<\/p>\n\n\n\n<p>www.kenzabusiness.com<\/p>\n\n\n\n<p>contact@kenzabusiness.com<\/p>\n\n\n\n<p>Nous contacter<br>Par courrier :<\/p>\n\n\n\n<p>Kenza Business Services LTD<\/p>\n\n\n\n<p>71-75 Shelton Street Covent Garden London WC2H 9JQ<\/p>\n\n\n\n<p><strong>Propri\u00e9t\u00e9 Intellectuelle<br><\/strong>Le contenu de ce site est prot\u00e9g\u00e9 par le droit d\u2019auteur. Toute reproduction sans le consentement explicite de l\u2019auteur est strictement interdite.<\/p>\n\n\n\n<p><strong>Responsabilit\u00e9<br><\/strong>Les documents, liens et informations contenus sur le site sont pr\u00e9sent\u00e9s \u00e0 titre purement informatif et ne sauraient en aucun cas engager notre responsabilit\u00e9. Par ailleurs, nous d\u00e9clinons notre responsabilit\u00e9 concernant l\u2019acc\u00e8s au site Internet (\u00e9ventuelle maintenance ou probl\u00e8me informatique), les informations disponibles (exactitude des informations, mise \u00e0 jour r\u00e9guli\u00e8re ou non), les liens hypertextes (liens qui m\u00e8nent vers des sites externes), ainsi que les \u00e9ventuels commentaires d\u2019internautes.<\/p>\n\n\n\n<p><strong>Politique de confidentialit\u00e9 &amp; donn\u00e9es personnelles<br><\/strong>Le traitement de vos donn\u00e9es \u00e0 caract\u00e8re personnel est r\u00e9gi par notre Politique de confidentialit\u00e9 &amp; donn\u00e9es personnelles conform\u00e9ment au R\u00e8glement G\u00e9n\u00e9ral sur la Protection des Donn\u00e9es 2016\/679 du 27 avril 2016 (\u00ab RGPD \u00bb).<\/p>\n\n\n\n<p>Kenza Business Services Ltd ne collecte des informations personnelles relatives \u00e0 l\u2019utilisateur (nom, adresse e-mail\u2026), que pour le besoin exclusif de services propos\u00e9s par elle-m\u00eame. Les informations recueillies via le formulaire de contact font l\u2019objet d\u2019un traitement informatique uniquement destin\u00e9 \u00e0 cette prise de contact. Les destinataires des donn\u00e9es sont uniquement les responsables du site. Aucune donn\u00e9e ne sera transmise \u00e0 un tiers.<\/p>\n\n\n\n<p>Les informations recueillies vous concernant font l\u2019objet d\u2019un traitement destin\u00e9 auResponsable du traitement des donn\u00e9es dans l\u2019entreprise.<\/p>\n\n\n\n<p><strong>Pour les finalit\u00e9s suivantes :<\/strong><\/p>\n\n\n\n<p>traitement des demandes de contact,<br>gestion de la client\u00e8le<br>gestion du recrutement<br>prospection commerciale<br>Les destinataires de ces donn\u00e9es sont les services suivants :<\/p>\n\n\n\n<p>Service client\u00e8le,<br>Service recrutement,<br>Service informatique,<br>Direction<br>La dur\u00e9e de conservation des donn\u00e9es est de :<\/p>\n\n\n\n<p>10 ans pour les contrats, commandes, livraisons, facturations, 3 ans pour la prospection, 6 mois pour les statistiques de mesures d\u2019audience<\/p>\n\n\n\n<p><strong>Utilisation des donn\u00e9es personnelles collect\u00e9es<br><\/strong>Conform\u00e9ment aux articles 16, 17, 20 et 21 du r\u00e8glement (UE) 2016\/679 ou RGPD vous disposez d\u2019un droit d\u2019acc\u00e8s, de modification, de rectification et de suppression des donn\u00e9es recueillies.<\/p>\n\n\n\n<p><strong>Commentaires<br><\/strong>Quand vous laissez un commentaire sur notre site web, les donn\u00e9es inscrites dans le formulaire de commentaire, mais aussi votre adresse IP et l\u2019agent utilisateur de votre navigateur sont collect\u00e9s pour nous aider \u00e0 la d\u00e9tection des commentaires ind\u00e9sirables.<\/p>\n\n\n\n<p>Une cha\u00eene anonymis\u00e9e cr\u00e9\u00e9e \u00e0 partir de votre adresse de messagerie (\u00e9galement appel\u00e9e hash) peut \u00eatre envoy\u00e9e au service Gravatar pour v\u00e9rifier si vous utilisez ce dernier. Les clauses de confidentialit\u00e9 du service Gravatar sont disponibles ici : https:\/\/automattic.com\/privacy\/. Apr\u00e8s validation de votre commentaire, votre photo de profil sera visible publiquement \u00e0 cot\u00e9 de votre commentaire.<\/p>\n\n\n\n<p><strong>M\u00e9dias<\/strong><br>Si vous \u00eates un utilisateur ou une utilisatrice enregistr\u00e9\u00b7e et que vous t\u00e9l\u00e9versez des images sur le site web, nous vous conseillons d\u2019\u00e9viter de t\u00e9l\u00e9verser des images contenant des donn\u00e9es EXIF de coordonn\u00e9es GPS. Les visiteurs de votre site web peuvent t\u00e9l\u00e9charger et extraire des donn\u00e9es de localisation depuis ces images.<\/p>\n\n\n\n<p><strong>Formulaires de contact<br><\/strong>Cookies<br>Le terme de cookies est \u00e0 prendre au sens large et couvre l\u2019ensemble des cookies ou traceurs d\u00e9pos\u00e9s et\/ou lus, par exemple, lors de la consultation d\u2019un site internet, de la lecture d\u2019un courrier \u00e9lectronique, de l\u2019installation ou de l\u2019utilisation d\u2019un logiciel ou d\u2019une application mobile. Vous \u00eates concern\u00e9s quel que soit le type de terminal utilis\u00e9 : ordinateurs, smartphones, tablettes num\u00e9riques et consoles de jeux vid\u00e9os connect\u00e9es \u00e0 Internet, etc. Par commodit\u00e9, nous utilisons le terme de \u00ab cookie \u00bb qui recouvre l\u2019ensemble de ces technologies.<\/p>\n\n\n\n<p>Cette information consacr\u00e9e aux cookies fait partie de notre Politique g\u00e9n\u00e9rale de protection des donn\u00e9es \u00e0 caract\u00e8re personnel. Elle vous permet d\u2019en savoir plus sur l\u2019origine et l\u2019usage des informations de navigation trait\u00e9es \u00e0 l\u2019occasion de votre consultation de www.my-tek.fr, ainsi que sur vos droits.<\/p>\n\n\n\n<p>Lors de la consultation de www.my-tek.fr, des informations relatives \u00e0 votre navigation sont susceptibles d\u2019\u00eatre enregistr\u00e9es dans des fichiers \u00ab Cookies \u00bb install\u00e9s sur votre terminal, sous r\u00e9serve de votre accord, que vous pouvez modifier \u00e0 tout moment.<\/p>\n\n\n\n<p>Les informations que nous collectons sont utilis\u00e9es \u00e0 notre usage et pour nos besoins. Ces informations ne font pas l\u2019objet d\u2019une communication \u00e0 l\u2019ext\u00e9rieur de notre entreprise. Nous ne c\u00e9dons ou ne vendons pas vos informations.<\/p>\n\n\n\n<p>Kenza Business Services Ltd ne divulguera aucune de vos informations sauf si nous avons votre consentement ou si cela est requis par la loi ou la r\u00e9glementation.<\/p>\n\n\n\n<p>\u00c0 quoi servent les cookies d\u00e9pos\u00e9s sur votre terminal :<br>Lorsque vous vous connectez sur notre site, nous pouvons \u00eatre amen\u00e9s, sous r\u00e9serve de vos choix, \u00e0 installer divers cookies dans votre terminal nous permettant de reconna\u00eetre le navigateur de votre terminal pendant la dur\u00e9e de validit\u00e9 du cookie concern\u00e9.<\/p>\n\n\n\n<p>Les cookies techniques ou d\u2019audiences exempt\u00e9es de consentement<br>Ces cookies nous permettent :<\/p>\n\n\n\n<p>d\u2019\u00e9tablir des statistiques et volumes de fr\u00e9quentation et d\u2019utilisation des divers \u00e9l\u00e9ments composant le site www.my-tek.fr nous permettant d\u2019am\u00e9liorer l\u2019int\u00e9r\u00eat et l\u2019ergonomie de nos services ;<br>d\u2019adapter la pr\u00e9sentation du site www.my-tek.fr aux pr\u00e9f\u00e9rences d\u2019affichage de votre terminal (langue utilis\u00e9e, r\u00e9solution d\u2019affichage, syst\u00e8me d\u2019exploitation utilis\u00e9, etc.) lors de vos visites, selon les mat\u00e9riels et les logiciels de visualisation ou de lecture que votre terminal poss\u00e8de;<br>d\u2019adapter les contenus affich\u00e9s sur votre terminal dans nos espaces en fonction des informations que vous avez renseign\u00e9 pr\u00e9alablement \u00e0 des fins de personnalisation.<br>Les cookies utilis\u00e9s avec votre accord, nous permettent :<br>De vous proposer des offres et services adapt\u00e9s \u00e0 vos besoins et d\u2019adapter les contenus affich\u00e9s sur votre terminal dans my-tek.fr, en fonction des donn\u00e9es personnelles que vous nous avez fournies (publicit\u00e9 cibl\u00e9e, prospection commerciale \u2026) ;<\/p>\n\n\n\n<p>D\u2019une mani\u00e8re g\u00e9n\u00e9rale, vous pouvez \u00e9galement vous opposer \u00e0 l\u2019enregistrement des cookies en configurant les param\u00e8tres de connexion de votre navigateur. Certaines fonctionnalit\u00e9s du site pourraient en \u00eatre affect\u00e9es.<\/p>\n\n\n\n<p>Vous pouvez aussi d\u00e9sactiver les cookies Google Analytics en t\u00e9l\u00e9chargeant un module compl\u00e9mentaire de navigateur sur le site de Google.<\/p>\n\n\n\n<p>Informations concernant la r\u00e9glementation sur les cookies :<br>Certains cookies n\u00e9cessitent une information pr\u00e9alable et un consentement de votre part, on peut notamment citer :<\/p>\n\n\n\n<p>les cookies li\u00e9s aux op\u00e9rations relatives \u00e0 la publicit\u00e9 cibl\u00e9e ;<br>certains cookies de mesure d\u2019audience;<br>les cookies des r\u00e9seaux sociaux g\u00e9n\u00e9r\u00e9s par les boutons de partage de r\u00e9seaux sociaux lorsqu\u2019ils collectent des donn\u00e9es personnelles sans consentement des personnes concern\u00e9es. Nous vous informons que nous n\u2019utilisons pas ce type de cookies.<br>Votre accord s\u2019il est n\u00e9cessaire a \u00e9t\u00e9 recueilli du fait de la poursuite de votre navigation, apr\u00e8s avoir lu notre bandeau d\u2019information pr\u00e9alable :<\/p>\n\n\n\n<p>\u00ab En poursuivant votre navigation sur ce site, vous acceptez l\u2019utilisation de cookies, pour r\u00e9aliser des statistiques et vous proposer des offres et services adapt\u00e9s \u00e0 vos besoins. \u00bb<\/p>\n\n\n\n<p>Contenu embarqu\u00e9 depuis d\u2019autres sites<br>Les articles de ce site peuvent inclure des contenus int\u00e9gr\u00e9s (par exemple des vid\u00e9os, images, articles\u2026). Le contenu int\u00e9gr\u00e9 depuis d\u2019autres sites se comporte de la m\u00eame mani\u00e8re que si le visiteur se rendait sur cet autre site.<\/p>\n\n\n\n<p>Ces sites web pourraient collecter des donn\u00e9es sur vous, utiliser des cookies, embarquer des outils de suivis tiers, suivre vos interactions avec ces contenus embarqu\u00e9s si vous disposez d\u2019un compte connect\u00e9 sur leur site web.<\/p>\n\n\n\n<p>Statistiques et mesures d\u2019audience<br>Ce site utilise Google Analytics, un service d\u2019analyse de site internet fourni par Google Inc. (\u00ab Google \u00bb). Google Analytics utilise des cookies, qui sont des fichiers texte plac\u00e9s sur votre ordinateur, pour aider le site internet \u00e0 analyser l\u2019utilisation du site par ses utilisateurs. Les donn\u00e9es g\u00e9n\u00e9r\u00e9es par les cookies concernant votre utilisation du site (y compris votre adresse IP) seront transmises et stock\u00e9es par Google sur des serveurs situ\u00e9s aux Etats-Unis. Google utilisera cette information dans le but d\u2019\u00e9valuer votre utilisation du site, de compiler des rapports sur l\u2019activit\u00e9 du site \u00e0 destination de son \u00e9diteur et de fournir d\u2019autres services relatifs \u00e0 l\u2019activit\u00e9 du site et \u00e0 l\u2019utilisation d\u2019Internet. Google est susceptible de communiquer ces donn\u00e9es \u00e0 des tiers en cas d\u2019obligation l\u00e9gale ou lorsque ces tiers traitent ces donn\u00e9es pour le compte de Google, y compris notamment l\u2019\u00e9diteur de ce site. Google ne recoupera pas votre adresse IP avec toute autre donn\u00e9e d\u00e9tenue par Google. Vous pouvez d\u00e9sactiver l\u2019utilisation de cookies en s\u00e9lectionnant les param\u00e8tres appropri\u00e9s de votre navigateur. Cependant, une telle d\u00e9sactivation pourrait emp\u00eacher l\u2019utilisation de certaines fonctionnalit\u00e9s de ce site. En utilisant ce site internet, vous consentez express\u00e9ment au traitement de vos donn\u00e9es nominatives par Google dans les conditions et pour les finalit\u00e9s d\u00e9crites ci-dessus.<\/p>\n\n\n\n<p><strong>Utilisation et transmission de vos donn\u00e9es personnelles<br><\/strong>Dur\u00e9es de stockage de vos donn\u00e9es<br>Si vous laissez un commentaire, le commentaire et ses m\u00e9tadonn\u00e9es sont conserv\u00e9s ind\u00e9finiment. Cela permet de reconna\u00eetre et approuver automatiquement les commentaires suivants au lieu de les laisser dans la file de mod\u00e9ration.<\/p>\n\n\n\n<p>Pour les utilisateurs et utilisatrices qui s\u2019enregistrent sur notre site (si cela est possible), nous stockons \u00e9galement les donn\u00e9es personnelles indiqu\u00e9es dans leur profil. Tous les utilisateurs et utilisatrices peuvent voir, modifier ou supprimer leurs informations personnelles \u00e0 tout moment (\u00e0 l\u2019exception de leur nom d\u2019utilisateur\u00b7ice). Les gestionnaires du site peuvent aussi voir et modifier ces informations.<\/p>\n\n\n\n<p><strong>Les droits que vous avez sur vos donn\u00e9es<br><\/strong>Si vous avez un compte ou si vous avez laiss\u00e9 des commentaires sur le site, vous pouvez demander \u00e0 recevoir un fichier contenant toutes les donn\u00e9es personnelles que nous poss\u00e9dons \u00e0 votre sujet, incluant celles que vous nous avez fournies. Vous pouvez \u00e9galement demander la suppression des donn\u00e9es personnelles vous concernant. Cela ne prend pas en compte les donn\u00e9es stock\u00e9es \u00e0 des fins administratives, l\u00e9gales ou pour des raisons de s\u00e9curit\u00e9.<\/p>\n\n\n\n<p><strong>Transmission de vos donn\u00e9es personnelles<br><\/strong>Les commentaires des visiteurs peuvent \u00eatre v\u00e9rifi\u00e9s \u00e0 l\u2019aide d\u2019un service automatis\u00e9 de d\u00e9tection des commentaires ind\u00e9sirables.<\/p>\n","protected":false},"excerpt":{"rendered":"<p>Politique de confidentialit\u00e9Conform\u00e9ment aux dispositions de la loi n\u00b0 2004-575 du 21 juin 2004 pour la confiance en l\u2019\u00e9conomie num\u00e9rique, il est pr\u00e9cis\u00e9 aux utilisateurs du site www.kenzabusiness.com l\u2019identit\u00e9 des diff\u00e9rents intervenants dans le cadre de sa r\u00e9alisation et de son suivi. Edition du siteLe pr\u00e9sent site, accessible \u00e0 l\u2019URL www.kenzabusiness.com (le \u00ab Site \u00bb), est \u00e9dit\u00e9 par : Kenza Business Services LTD, soci\u00e9t\u00e9 \u00e0 responsabilit\u00e9 limit\u00e9e au capital de 500,00 \u20ac euros, inscrite au companies house sous le num\u00e9ro 14838930 , dont le si\u00e8ge social est situ\u00e9 au 71-75&hellip;<\/p>\n","protected":false},"author":1,"featured_media":0,"parent":0,"menu_order":0,"comment_status":"closed","ping_status":"closed","template":"","meta":{"footnotes":""},"class_list":["post-16","page","type-page","status-publish","hentry"],"_links":{"self":[{"href":"https:\/\/kenzabusiness.com\/index.php\/wp-json\/wp\/v2\/pages\/16","targetHints":{"allow":["GET"]}}],"collection":[{"href":"https:\/\/kenzabusiness.com\/index.php\/wp-json\/wp\/v2\/pages"}],"about":[{"href":"https:\/\/kenzabusiness.com\/index.php\/wp-json\/wp\/v2\/types\/page"}],"author":[{"embeddable":true,"href":"https:\/\/kenzabusiness.com\/index.php\/wp-json\/wp\/v2\/users\/1"}],"replies":[{"embeddable":true,"href":"https:\/\/kenzabusiness.com\/index.php\/wp-json\/wp\/v2\/comments?post=16"}],"version-history":[{"count":4,"href":"https:\/\/kenzabusiness.com\/index.php\/wp-json\/wp\/v2\/pages\/16\/revisions"}],"predecessor-version":[{"id":168,"href":"https:\/\/kenzabusiness.com\/index.php\/wp-json\/wp\/v2\/pages\/16\/revisions\/168"}],"wp:attachment":[{"href":"https:\/\/kenzabusiness.com\/index.php\/wp-json\/wp\/v2\/media?parent=16"}],"curies":[{"name":"wp","href":"https:\/\/api.w.org\/{rel}","templated":true}]}}