{"id":19,"date":"2023-08-02T13:41:41","date_gmt":"2023-08-02T13:41:41","guid":{"rendered":"http:\/\/kenzabusiness.com\/?page_id=19"},"modified":"2023-08-04T22:32:28","modified_gmt":"2023-08-04T22:32:28","slug":"contacts","status":"publish","type":"page","link":"https:\/\/kenzabusiness.com\/index.php\/contacts\/","title":{"rendered":"Contacts"},"content":{"rendered":"\n<p><strong><br>Demande d\u2019information ?<br><\/strong>Notre support client\u00e8le, disponible et r\u00e9actif, r\u00e9pond \u00e0 toutes vos demandes sous 24h ouvr\u00e9s. N\u2019h\u00e9sitez pas \u00e0 nous envoyer un message via le formulaire de contact ci-contre :<\/p>\n\n\n\n<p>Email:<br>contact@kenzabusiness.com<\/p>\n\n\n\n<p>Call Us<br>+33 1 84 14 30 99<\/p>\n\n\n\n<p class=\"has-text-align-center\"><strong>Get in Touch<\/strong><\/p>\n","protected":false},"excerpt":{"rendered":"<p>Demande d\u2019information ?Notre support client\u00e8le, disponible et r\u00e9actif, r\u00e9pond \u00e0 toutes vos demandes sous 24h ouvr\u00e9s. N\u2019h\u00e9sitez pas \u00e0 nous envoyer un message via le formulaire de contact ci-contre : Email:contact@kenzabusiness.com Call Us+33 1 84 14 30 99 Get in Touch<\/p>\n","protected":false},"author":1,"featured_media":0,"parent":0,"menu_order":0,"comment_status":"closed","ping_status":"closed","template":"","meta":{"footnotes":""},"class_list":["post-19","page","type-page","status-publish","hentry"],"_links":{"self":[{"href":"https:\/\/kenzabusiness.com\/index.php\/wp-json\/wp\/v2\/pages\/19","targetHints":{"allow":["GET"]}}],"collection":[{"href":"https:\/\/kenzabusiness.com\/index.php\/wp-json\/wp\/v2\/pages"}],"about":[{"href":"https:\/\/kenzabusiness.com\/index.php\/wp-json\/wp\/v2\/types\/page"}],"author":[{"embeddable":true,"href":"https:\/\/kenzabusiness.com\/index.php\/wp-json\/wp\/v2\/users\/1"}],"replies":[{"embeddable":true,"href":"https:\/\/kenzabusiness.com\/index.php\/wp-json\/wp\/v2\/comments?post=19"}],"version-history":[{"count":5,"href":"https:\/\/kenzabusiness.com\/index.php\/wp-json\/wp\/v2\/pages\/19\/revisions"}],"predecessor-version":[{"id":176,"href":"https:\/\/kenzabusiness.com\/index.php\/wp-json\/wp\/v2\/pages\/19\/revisions\/176"}],"wp:attachment":[{"href":"https:\/\/kenzabusiness.com\/index.php\/wp-json\/wp\/v2\/media?parent=19"}],"curies":[{"name":"wp","href":"https:\/\/api.w.org\/{rel}","templated":true}]}}