{"id":118,"date":"2023-08-04T20:52:43","date_gmt":"2023-08-04T20:52:43","guid":{"rendered":"http:\/\/kenzabusiness.com\/?post_type=product&#038;p=118"},"modified":"2023-08-04T20:52:43","modified_gmt":"2023-08-04T20:52:43","slug":"kaspersky-internet-security-3appareil-an","status":"publish","type":"product","link":"https:\/\/kenzabusiness.com\/index.php\/product\/kaspersky-internet-security-3appareil-an\/","title":{"rendered":"Kaspersky Internet Security 3APPAREIL\/an"},"content":{"rendered":"<h2>Description<\/h2>\n<div class=\"excerpt\">\n<p>Travaillez en toute s\u00e9curit\u00e9, au bureau ou \u00e0 domicile<\/p>\n<\/div>\n<p>Quelles que soient vos activit\u00e9s en ligne, notre suite de s\u00e9curit\u00e9 prot\u00e8ge vos appareils PC, Mac et Android des programmes malveillants, de l\u2019espionnage par webcam, des tentatives d\u2019escroquerie financi\u00e8re et plus encore.<\/p>\n<ul class=\"check-list\">\n<li>Bloque les virus, les cryptolockers, les attaques et autres<\/li>\n<li>Emp\u00eache le suivi de vos activit\u00e9s en ligne*<\/li>\n<li>D\u00e9tecte les logiciels espions cach\u00e9s sur votre appareil Android<\/li>\n<li>Prot\u00e8ge vos paiements gr\u00e2ce au chiffrement de niveau bancaire*<\/li>\n<li>Bloque tout acc\u00e8s non autoris\u00e9 \u00e0 votre webcam*<\/li>\n<li>Chiffre les donn\u00e9es que vous envoyez et recevez en ligne via VPN**<\/li>\n<\/ul>\n<p><small>* PC et Mac uniquement<\/small><\/p>\n<p><small>** Le service VPN prot\u00e8ge jusqu\u2019\u00e0 200 Mo de trafic de donn\u00e9es par appareil et par jour<\/small><\/p>\n","protected":false},"excerpt":{"rendered":"<p>Description Travaillez en toute s\u00e9curit\u00e9, au bureau ou \u00e0 domicile Quelles que soient vos activit\u00e9s en ligne, notre suite de s\u00e9curit\u00e9 prot\u00e8ge vos appareils PC, Mac et Android des programmes malveillants, de l\u2019espionnage par webcam, des tentatives d\u2019escroquerie financi\u00e8re et plus encore. Bloque les virus, les cryptolockers, les attaques et autres Emp\u00eache le suivi de vos activit\u00e9s en ligne* D\u00e9tecte les logiciels espions cach\u00e9s sur votre appareil Android Prot\u00e8ge vos paiements gr\u00e2ce au chiffrement de niveau bancaire* Bloque tout acc\u00e8s non autoris\u00e9 \u00e0 votre webcam* Chiffre les donn\u00e9es que vous&hellip;<\/p>\n","protected":false},"featured_media":119,"comment_status":"open","ping_status":"closed","template":"","meta":[],"product_brand":[],"product_cat":[16],"product_tag":[],"class_list":{"0":"post-118","1":"product","2":"type-product","3":"status-publish","4":"has-post-thumbnail","6":"product_cat-uncategorised","8":"first","9":"instock","10":"shipping-taxable","11":"purchasable","12":"product-type-simple"},"_links":{"self":[{"href":"https:\/\/kenzabusiness.com\/index.php\/wp-json\/wp\/v2\/product\/118","targetHints":{"allow":["GET"]}}],"collection":[{"href":"https:\/\/kenzabusiness.com\/index.php\/wp-json\/wp\/v2\/product"}],"about":[{"href":"https:\/\/kenzabusiness.com\/index.php\/wp-json\/wp\/v2\/types\/product"}],"replies":[{"embeddable":true,"href":"https:\/\/kenzabusiness.com\/index.php\/wp-json\/wp\/v2\/comments?post=118"}],"wp:featuredmedia":[{"embeddable":true,"href":"https:\/\/kenzabusiness.com\/index.php\/wp-json\/wp\/v2\/media\/119"}],"wp:attachment":[{"href":"https:\/\/kenzabusiness.com\/index.php\/wp-json\/wp\/v2\/media?parent=118"}],"wp:term":[{"taxonomy":"product_brand","embeddable":true,"href":"https:\/\/kenzabusiness.com\/index.php\/wp-json\/wp\/v2\/product_brand?post=118"},{"taxonomy":"product_cat","embeddable":true,"href":"https:\/\/kenzabusiness.com\/index.php\/wp-json\/wp\/v2\/product_cat?post=118"},{"taxonomy":"product_tag","embeddable":true,"href":"https:\/\/kenzabusiness.com\/index.php\/wp-json\/wp\/v2\/product_tag?post=118"}],"curies":[{"name":"wp","href":"https:\/\/api.w.org\/{rel}","templated":true}]}}