{"id":123,"date":"2023-08-04T21:25:45","date_gmt":"2023-08-04T21:25:45","guid":{"rendered":"http:\/\/kenzabusiness.com\/?post_type=product&#038;p=123"},"modified":"2023-08-04T21:25:45","modified_gmt":"2023-08-04T21:25:45","slug":"kaspersky-total-security-1appareil-an","status":"publish","type":"product","link":"https:\/\/kenzabusiness.com\/index.php\/product\/kaspersky-total-security-1appareil-an\/","title":{"rendered":"Kaspersky Total Security 1APPAREIL\/an"},"content":{"rendered":"<h2>Description<\/h2>\n<div class=\"excerpt\">\n<p>Notre suite de s\u00e9curit\u00e9 la plus performante et la plus populaire<\/p>\n<\/div>\n<p>Protection sur plusieurs appareils pour toute la famille : antivirus, anti-ransomware, protection de la webcam, gestion des mots de passe, VPN et 87 autres technologies, le tout avec une seule licence<\/p>\n<ul class=\"check-list\">\n<li>Bloque les virus, cryptolockers et autres menaces<\/li>\n<li>Prot\u00e8ge vos paiements gr\u00e2ce au chiffrement de niveau bancaire*<\/li>\n<li>Renforce la s\u00e9curit\u00e9 de vos mots de passe et de vos documents personnels num\u00e9ris\u00e9s<\/li>\n<li>Chiffre les donn\u00e9es que vous envoyez et recevez en ligne via VPN**<\/li>\n<li>Bloque les tentatives d\u2019espionnage par webcam*<\/li>\n<li>Vous aide \u00e0 prot\u00e9ger vos enfants gr\u00e2ce au contr\u00f4le parental avanc\u00e9<\/li>\n<\/ul>\n<p><small>* PC et Mac uniquement<\/small><\/p>\n<p><small>** Prot\u00e9gez 200 Mo de trafic de donn\u00e9es par appareil et par jour<\/small><\/p>\n","protected":false},"excerpt":{"rendered":"<p>Description Notre suite de s\u00e9curit\u00e9 la plus performante et la plus populaire Protection sur plusieurs appareils pour toute la famille : antivirus, anti-ransomware, protection de la webcam, gestion des mots de passe, VPN et 87 autres technologies, le tout avec une seule licence Bloque les virus, cryptolockers et autres menaces Prot\u00e8ge vos paiements gr\u00e2ce au chiffrement de niveau bancaire* Renforce la s\u00e9curit\u00e9 de vos mots de passe et de vos documents personnels num\u00e9ris\u00e9s Chiffre les donn\u00e9es que vous envoyez et recevez en ligne via VPN** Bloque les tentatives d\u2019espionnage par&hellip;<\/p>\n","protected":false},"featured_media":124,"comment_status":"open","ping_status":"closed","template":"","meta":[],"product_brand":[],"product_cat":[19],"product_tag":[],"class_list":{"0":"post-123","1":"product","2":"type-product","3":"status-publish","4":"has-post-thumbnail","6":"product_cat-antivirus","8":"first","9":"instock","10":"shipping-taxable","11":"purchasable","12":"product-type-simple"},"_links":{"self":[{"href":"https:\/\/kenzabusiness.com\/index.php\/wp-json\/wp\/v2\/product\/123","targetHints":{"allow":["GET"]}}],"collection":[{"href":"https:\/\/kenzabusiness.com\/index.php\/wp-json\/wp\/v2\/product"}],"about":[{"href":"https:\/\/kenzabusiness.com\/index.php\/wp-json\/wp\/v2\/types\/product"}],"replies":[{"embeddable":true,"href":"https:\/\/kenzabusiness.com\/index.php\/wp-json\/wp\/v2\/comments?post=123"}],"wp:featuredmedia":[{"embeddable":true,"href":"https:\/\/kenzabusiness.com\/index.php\/wp-json\/wp\/v2\/media\/124"}],"wp:attachment":[{"href":"https:\/\/kenzabusiness.com\/index.php\/wp-json\/wp\/v2\/media?parent=123"}],"wp:term":[{"taxonomy":"product_brand","embeddable":true,"href":"https:\/\/kenzabusiness.com\/index.php\/wp-json\/wp\/v2\/product_brand?post=123"},{"taxonomy":"product_cat","embeddable":true,"href":"https:\/\/kenzabusiness.com\/index.php\/wp-json\/wp\/v2\/product_cat?post=123"},{"taxonomy":"product_tag","embeddable":true,"href":"https:\/\/kenzabusiness.com\/index.php\/wp-json\/wp\/v2\/product_tag?post=123"}],"curies":[{"name":"wp","href":"https:\/\/api.w.org\/{rel}","templated":true}]}}