{"id":135,"date":"2023-08-04T21:35:03","date_gmt":"2023-08-04T21:35:03","guid":{"rendered":"http:\/\/kenzabusiness.com\/?post_type=product&#038;p=135"},"modified":"2023-08-04T21:53:50","modified_gmt":"2023-08-04T21:53:50","slug":"pack-securite-platinium","status":"publish","type":"product","link":"https:\/\/kenzabusiness.com\/index.php\/product\/pack-securite-platinium\/","title":{"rendered":"Pack S\u00e9curit\u00e9 PLATINIUM"},"content":{"rendered":"<h2>Description<\/h2>\n<div class=\"excerpt\">\n<p><strong>Installation et configuration du pack de s\u00e9curit\u00e9<\/strong><br \/>\n\u2013 antivirus avec licence de 12 mois (renouvelable)<br \/>\n\u2013 logiciel anti-programmes malveillants<br \/>\n\u2013 bloqueurs publicit\u00e9s<br \/>\n\u2013 extensions anti-logiciels espions<br \/>\n<strong>Travaux<\/strong><br \/>\n\u2013 Speed Boost pour syst\u00e8me d\u2019exploitation<br \/>\n\u2013 Mises \u00e0 jour de s\u00e9curit\u00e9 et du pare-feu<br \/>\n\u2013 \u00c9limination de tous les virus et programmes malveillants<br \/>\n\u2013 \u00c9limination de tous les logiciels publicitaires de chaque navigateur<br \/>\n\u2013 \u00c9limination de tous les logiciels publicitaires<br \/>\n\u2013 \u00c9limination de tous les logiciels espions et logiciels de suivi<br \/>\n\u2013 \u00c9limination de tous les cookies publicitaires et cookies de suivi<br \/>\n\u2013 Nettoyage du registre pour \u00e9liminer les entr\u00e9es malveillantes<br \/>\n\u2013 Optimisation de la vitesse et de l\u2019espace disponible sur du disque dur<\/p>\n<p><strong>Maintenance informatique gratuite pendant 24 mois.\u00a0<\/strong><\/p>\n<\/div>\n","protected":false},"excerpt":{"rendered":"<p>Description Installation et configuration du pack de s\u00e9curit\u00e9 \u2013 antivirus avec licence de 12 mois (renouvelable) \u2013 logiciel anti-programmes malveillants \u2013 bloqueurs publicit\u00e9s \u2013 extensions anti-logiciels espions Travaux \u2013 Speed Boost pour syst\u00e8me d\u2019exploitation \u2013 Mises \u00e0 jour de s\u00e9curit\u00e9 et du pare-feu \u2013 \u00c9limination de tous les virus et programmes malveillants \u2013 \u00c9limination de tous les logiciels publicitaires de chaque navigateur \u2013 \u00c9limination de tous les logiciels publicitaires \u2013 \u00c9limination de tous les logiciels espions et logiciels de suivi \u2013 \u00c9limination de tous les cookies publicitaires et cookies de&hellip;<\/p>\n","protected":false},"featured_media":136,"comment_status":"open","ping_status":"closed","template":"","meta":[],"product_brand":[],"product_cat":[24],"product_tag":[],"class_list":{"0":"post-135","1":"product","2":"type-product","3":"status-publish","4":"has-post-thumbnail","6":"product_cat-assistance","8":"first","9":"instock","10":"shipping-taxable","11":"purchasable","12":"product-type-simple"},"_links":{"self":[{"href":"https:\/\/kenzabusiness.com\/index.php\/wp-json\/wp\/v2\/product\/135","targetHints":{"allow":["GET"]}}],"collection":[{"href":"https:\/\/kenzabusiness.com\/index.php\/wp-json\/wp\/v2\/product"}],"about":[{"href":"https:\/\/kenzabusiness.com\/index.php\/wp-json\/wp\/v2\/types\/product"}],"replies":[{"embeddable":true,"href":"https:\/\/kenzabusiness.com\/index.php\/wp-json\/wp\/v2\/comments?post=135"}],"wp:featuredmedia":[{"embeddable":true,"href":"https:\/\/kenzabusiness.com\/index.php\/wp-json\/wp\/v2\/media\/136"}],"wp:attachment":[{"href":"https:\/\/kenzabusiness.com\/index.php\/wp-json\/wp\/v2\/media?parent=135"}],"wp:term":[{"taxonomy":"product_brand","embeddable":true,"href":"https:\/\/kenzabusiness.com\/index.php\/wp-json\/wp\/v2\/product_brand?post=135"},{"taxonomy":"product_cat","embeddable":true,"href":"https:\/\/kenzabusiness.com\/index.php\/wp-json\/wp\/v2\/product_cat?post=135"},{"taxonomy":"product_tag","embeddable":true,"href":"https:\/\/kenzabusiness.com\/index.php\/wp-json\/wp\/v2\/product_tag?post=135"}],"curies":[{"name":"wp","href":"https:\/\/api.w.org\/{rel}","templated":true}]}}