{"id":80,"date":"2023-08-04T13:48:31","date_gmt":"2023-08-04T13:48:31","guid":{"rendered":"http:\/\/kenzabusiness.com\/?post_type=product&#038;p=80"},"modified":"2025-11-27T03:40:55","modified_gmt":"2025-11-27T03:40:55","slug":"avast-premium-security-10-appareils-an","status":"publish","type":"product","link":"https:\/\/kenzabusiness.com\/index.php\/product\/avast-premium-security-10-appareils-an\/","title":{"rendered":"Avast Premium Security 10 APPAREILS\/an"},"content":{"rendered":"<div class=\"panel-preface text-muted\">Les virus, les ransomwares, les escroqueries ainsi que les autres attaques ciblent plus souvent Windows que les autres syst\u00e8mes d\u2019exploitation. Alors si vous avez un PC, mieux vaut utiliser la protection la plus efficace.<\/div>\n<div id=\"panel-content-pc\" class=\"collapse show\" aria-labelledby=\"panel-header-pc\" aria-expanded=\"true\">\n<div class=\"panel-body\">\n<div class=\"accordion-content\">\n<table class=\"tables tables--simplified\" role=\"table\">\n<thead>\n<tr role=\"row\">\n<td><\/td>\n<th class=\"tables__headline\" scope=\"col\">\n<div class=\"h6\"><\/div>\n<\/th>\n<th class=\"tables__headline highlight highlight-top\" scope=\"col\">\n<div class=\"h6\">Premium<\/div>\n<\/th>\n<\/tr>\n<\/thead>\n<tbody>\n<tr role=\"row\">\n<th class=\"tables__desc\" scope=\"row\"><span class=\"text-small tables__text\">Bloquez les virus, les spywares et autres menaces en temps r\u00e9el<\/span><\/th>\n<td class=\"tables__val\"><\/td>\n<td class=\"tables__val highlight\"><img decoding=\"async\" src=\"https:\/\/static3.avast.com\/20001169\/web\/i\/v2\/components\/table\/check-table.svg\" alt=\"oui\" \/><\/td>\n<\/tr>\n<tr role=\"row\">\n<th class=\"tables__desc\" scope=\"row\"><span class=\"text-small tables__text\">Soyez serein avec une protection avanc\u00e9e contre les ransomwares<\/span><\/th>\n<td class=\"tables__val\"><\/td>\n<td class=\"tables__val highlight\"><img decoding=\"async\" src=\"https:\/\/static3.avast.com\/20001169\/web\/i\/v2\/components\/table\/check-table.svg\" alt=\"oui\" \/><\/td>\n<\/tr>\n<tr role=\"row\">\n<th class=\"tables__desc\" scope=\"row\"><span class=\"text-small tables__text\">\u00c9vitez d\u2019acc\u00e9der aux sites web frauduleux pour des achats et transactions bancaires en ligne plus s\u00fbrs<\/span><\/th>\n<td class=\"tables__val\"><\/td>\n<td class=\"tables__val highlight\"><img decoding=\"async\" src=\"https:\/\/static3.avast.com\/20001169\/web\/i\/v2\/components\/table\/check-table.svg\" alt=\"oui\" \/><\/td>\n<\/tr>\n<tr role=\"row\">\n<th class=\"tables__desc\" scope=\"row\"><span class=\"text-small tables__text\">\u00c9loignez les pirates de votre ordinateur gr\u00e2ce \u00e0 notre pare-feu renforc\u00e9<\/span><\/th>\n<td class=\"tables__val\"><\/td>\n<td class=\"tables__val highlight\"><img decoding=\"async\" src=\"https:\/\/static3.avast.com\/20001169\/web\/i\/v2\/components\/table\/check-table.svg\" alt=\"oui\" \/><\/td>\n<\/tr>\n<tr role=\"row\">\n<th class=\"tables__desc\" scope=\"row\"><span class=\"text-small tables__text\">Emp\u00eachez les \u00e9trangers de vous espionner via votre webcam<\/span><\/th>\n<td class=\"tables__val\"><\/td>\n<td class=\"tables__val highlight\"><img decoding=\"async\" src=\"https:\/\/static3.avast.com\/20001169\/web\/i\/v2\/components\/table\/check-table.svg\" alt=\"oui\" \/><\/td>\n<\/tr>\n<tr role=\"row\">\n<th class=\"tables__desc\" scope=\"row\"><span class=\"text-small tables__text\">S\u00e9curisez les mots de passe enregistr\u00e9s dans votre navigateur<\/span><\/th>\n<td class=\"tables__val\"><\/td>\n<td class=\"tables__val highlight\"><img decoding=\"async\" src=\"https:\/\/static3.avast.com\/20001169\/web\/i\/v2\/components\/table\/check-table.svg\" alt=\"oui\" \/><\/td>\n<\/tr>\n<tr role=\"row\">\n<th class=\"tables__desc\" scope=\"row\"><span class=\"text-small tables__text\">Ne laissez pas les pirates prendre le contr\u00f4le de votre PC<\/span><\/th>\n<td class=\"tables__val\"><\/td>\n<td class=\"tables__val highlight highlight-bottom\"><img decoding=\"async\" src=\"https:\/\/static3.avast.com\/20001169\/web\/i\/v2\/components\/table\/check-table.svg\" alt=\"oui\" \/><\/td>\n<\/tr>\n<\/tbody>\n<\/table>\n<\/div>\n<\/div>\n<\/div>\n","protected":false},"excerpt":{"rendered":"<p>Les virus, les ransomwares, les escroqueries ainsi que les autres attaques ciblent plus souvent Windows que les autres syst\u00e8mes d\u2019exploitation. Alors si vous avez un PC, mieux vaut utiliser la protection la plus efficace. Premium Bloquez les virus, les spywares et autres menaces en temps r\u00e9el Soyez serein avec une protection avanc\u00e9e contre les ransomwares \u00c9vitez d\u2019acc\u00e9der aux sites web frauduleux pour des achats et transactions bancaires en ligne plus s\u00fbrs \u00c9loignez les pirates de votre ordinateur gr\u00e2ce \u00e0 notre pare-feu renforc\u00e9 Emp\u00eachez les \u00e9trangers de vous espionner via votre&hellip;<\/p>\n","protected":false},"featured_media":81,"comment_status":"open","ping_status":"closed","template":"","meta":[],"product_brand":[],"product_cat":[19],"product_tag":[],"class_list":{"0":"post-80","1":"product","2":"type-product","3":"status-publish","4":"has-post-thumbnail","6":"product_cat-antivirus","8":"first","9":"instock","10":"shipping-taxable","11":"purchasable","12":"product-type-simple"},"_links":{"self":[{"href":"https:\/\/kenzabusiness.com\/index.php\/wp-json\/wp\/v2\/product\/80","targetHints":{"allow":["GET"]}}],"collection":[{"href":"https:\/\/kenzabusiness.com\/index.php\/wp-json\/wp\/v2\/product"}],"about":[{"href":"https:\/\/kenzabusiness.com\/index.php\/wp-json\/wp\/v2\/types\/product"}],"replies":[{"embeddable":true,"href":"https:\/\/kenzabusiness.com\/index.php\/wp-json\/wp\/v2\/comments?post=80"}],"wp:featuredmedia":[{"embeddable":true,"href":"https:\/\/kenzabusiness.com\/index.php\/wp-json\/wp\/v2\/media\/81"}],"wp:attachment":[{"href":"https:\/\/kenzabusiness.com\/index.php\/wp-json\/wp\/v2\/media?parent=80"}],"wp:term":[{"taxonomy":"product_brand","embeddable":true,"href":"https:\/\/kenzabusiness.com\/index.php\/wp-json\/wp\/v2\/product_brand?post=80"},{"taxonomy":"product_cat","embeddable":true,"href":"https:\/\/kenzabusiness.com\/index.php\/wp-json\/wp\/v2\/product_cat?post=80"},{"taxonomy":"product_tag","embeddable":true,"href":"https:\/\/kenzabusiness.com\/index.php\/wp-json\/wp\/v2\/product_tag?post=80"}],"curies":[{"name":"wp","href":"https:\/\/api.w.org\/{rel}","templated":true}]}}