{"id":82,"date":"2023-08-04T13:51:42","date_gmt":"2023-08-04T13:51:42","guid":{"rendered":"http:\/\/kenzabusiness.com\/?post_type=product&#038;p=82"},"modified":"2023-08-04T13:51:42","modified_gmt":"2023-08-04T13:51:42","slug":"avast-ultimate-10-appareils-an","status":"publish","type":"product","link":"https:\/\/kenzabusiness.com\/index.php\/product\/avast-ultimate-10-appareils-an\/","title":{"rendered":"Avast Ultimate 10 APPAREILS\/an"},"content":{"rendered":"<h3 class=\"sys-req-card__title\">Configuration syst\u00e8me requise<\/h3>\n<div class=\"sys-req-card__text\">Tous les appareils requi\u00e8rent une connexion Internet pour les mises \u00e0 jours automatiques de s\u00e9curit\u00e9 et de programmes.<\/div>\n<div class=\"sys-req-card__compatibility multipleIcons\">\n<p><img decoding=\"async\" class=\"sys-req-card__compatibilityIcon aligncenter\" src=\"https:\/\/static3.avast.com\/20001169\/web\/i\/v2\/components\/icons\/platform-icons\/32x32\/win-gray-32px.svg\" alt=\"compatibility icon\" width=\"32\" \/><\/p>\n<p class=\"text-large\">PC ex\u00e9cutant Windows\u00a010, 8.1, 8 ou\u00a07 (32\u00a0bit ou 64\u00a0bit, sauf \u00e9ditions Starter et RT), 1\u00a0Go de RAM et 2\u00a0Go d\u2019espace libre sur le disque.<\/p>\n<p><img decoding=\"async\" class=\"sys-req-card__compatibilityIcon aligncenter\" src=\"https:\/\/static3.avast.com\/20001169\/web\/i\/v2\/components\/icons\/platform-icons\/32x32\/mac-gray-32px.svg\" alt=\"compatibility icon\" width=\"32\" \/><\/p>\n<p class=\"text-large\">Mac ex\u00e9cutant macOS\u00a010.10 (Mavericks) ou version ult\u00e9rieure.<\/p>\n<p><img decoding=\"async\" class=\"sys-req-card__compatibilityIcon aligncenter\" src=\"https:\/\/static3.avast.com\/20001169\/web\/i\/v2\/components\/icons\/platform-icons\/32x32\/android-gray-32px.svg\" alt=\"compatibility icon\" width=\"32\" \/><\/p>\n<p class=\"text-large\">Smartphone ou tablette Android ex\u00e9cutant Google\u00a0Android\u00a05 (Lollipop, API\u00a021) ou version ult\u00e9rieure.<\/p>\n<p><img decoding=\"async\" class=\"sys-req-card__compatibilityIcon aligncenter\" src=\"https:\/\/static3.avast.com\/20001169\/web\/i\/v2\/components\/icons\/platform-icons\/32x32\/ios-gray-32px.svg\" alt=\"compatibility icon\" width=\"32\" \/><\/p>\n<p class=\"text-large\">iPhone\/iPad ex\u00e9cutant iOS\u00a012.0 ou version ult\u00e9rieure.<\/p>\n<\/div>\n","protected":false},"excerpt":{"rendered":"<p>Configuration syst\u00e8me requise Tous les appareils requi\u00e8rent une connexion Internet pour les mises \u00e0 jours automatiques de s\u00e9curit\u00e9 et de programmes. PC ex\u00e9cutant Windows\u00a010, 8.1, 8 ou\u00a07 (32\u00a0bit ou 64\u00a0bit, sauf \u00e9ditions Starter et RT), 1\u00a0Go de RAM et 2\u00a0Go d\u2019espace libre sur le disque. Mac ex\u00e9cutant macOS\u00a010.10 (Mavericks) ou version ult\u00e9rieure. Smartphone ou tablette Android ex\u00e9cutant Google\u00a0Android\u00a05 (Lollipop, API\u00a021) ou version ult\u00e9rieure. iPhone\/iPad ex\u00e9cutant iOS\u00a012.0 ou version ult\u00e9rieure.<\/p>\n","protected":false},"featured_media":83,"comment_status":"open","ping_status":"closed","template":"","meta":[],"product_brand":[],"product_cat":[19],"product_tag":[],"class_list":{"0":"post-82","1":"product","2":"type-product","3":"status-publish","4":"has-post-thumbnail","6":"product_cat-antivirus","8":"first","9":"instock","10":"shipping-taxable","11":"purchasable","12":"product-type-simple"},"_links":{"self":[{"href":"https:\/\/kenzabusiness.com\/index.php\/wp-json\/wp\/v2\/product\/82","targetHints":{"allow":["GET"]}}],"collection":[{"href":"https:\/\/kenzabusiness.com\/index.php\/wp-json\/wp\/v2\/product"}],"about":[{"href":"https:\/\/kenzabusiness.com\/index.php\/wp-json\/wp\/v2\/types\/product"}],"replies":[{"embeddable":true,"href":"https:\/\/kenzabusiness.com\/index.php\/wp-json\/wp\/v2\/comments?post=82"}],"wp:featuredmedia":[{"embeddable":true,"href":"https:\/\/kenzabusiness.com\/index.php\/wp-json\/wp\/v2\/media\/83"}],"wp:attachment":[{"href":"https:\/\/kenzabusiness.com\/index.php\/wp-json\/wp\/v2\/media?parent=82"}],"wp:term":[{"taxonomy":"product_brand","embeddable":true,"href":"https:\/\/kenzabusiness.com\/index.php\/wp-json\/wp\/v2\/product_brand?post=82"},{"taxonomy":"product_cat","embeddable":true,"href":"https:\/\/kenzabusiness.com\/index.php\/wp-json\/wp\/v2\/product_cat?post=82"},{"taxonomy":"product_tag","embeddable":true,"href":"https:\/\/kenzabusiness.com\/index.php\/wp-json\/wp\/v2\/product_tag?post=82"}],"curies":[{"name":"wp","href":"https:\/\/api.w.org\/{rel}","templated":true}]}}